{"id":5,"date":"2019-04-23T23:11:24","date_gmt":"2019-04-23T21:11:24","guid":{"rendered":"http:\/\/week-end-en-amoureux-jacuzzi.fr\/?page_id=5"},"modified":"2020-12-13T23:40:59","modified_gmt":"2020-12-13T22:40:59","slug":"week-end-en-amoureux-nord","status":"publish","type":"page","link":"https:\/\/week-end-en-amoureux-jacuzzi.fr\/","title":{"rendered":"Week-end en amoureux Nord"},"content":{"rendered":"\n<p>Envie d&rsquo;un week-end de relaxation ? de d\u00e9tente ? Envie de passer du bon temps ? Envie de recharger vos batteries ? Le F\u00e9nelon \u00e0 Le Cateau Cambr\u00e9sis vous propose 6 suites enti\u00e8rement meubl\u00e9es et \u00e9quip\u00e9es pour votre plus grand confort.<\/p>\n\n\n\n<figure class=\"wp-block-image\"><img loading=\"lazy\" decoding=\"async\" width=\"1024\" height=\"576\" src=\"https:\/\/week-end-en-amoureux-jacuzzi.fr\/wp-content\/uploads\/2019\/04\/apres-travaux-gauche-avec-porte-1024x576.jpg\" alt=\"\" class=\"wp-image-9\" srcset=\"https:\/\/week-end-en-amoureux-jacuzzi.fr\/wp-content\/uploads\/2019\/04\/apres-travaux-gauche-avec-porte-1024x576.jpg 1024w, https:\/\/week-end-en-amoureux-jacuzzi.fr\/wp-content\/uploads\/2019\/04\/apres-travaux-gauche-avec-porte-300x169.jpg 300w, https:\/\/week-end-en-amoureux-jacuzzi.fr\/wp-content\/uploads\/2019\/04\/apres-travaux-gauche-avec-porte-768x432.jpg 768w, https:\/\/week-end-en-amoureux-jacuzzi.fr\/wp-content\/uploads\/2019\/04\/apres-travaux-gauche-avec-porte-420x236.jpg 420w, https:\/\/week-end-en-amoureux-jacuzzi.fr\/wp-content\/uploads\/2019\/04\/apres-travaux-gauche-avec-porte-1170x658.jpg 1170w\" sizes=\"auto, (max-width: 1024px) 100vw, 1024px\" \/><\/figure>\n\n\n\n<p>D\u00e9couvrez nos week-ends Spa. Profitez d&rsquo;un jacuzzi et d&rsquo;un sauna privatif. <\/p>\n\n\n\n<p><strong>Une suite avec espace baln\u00e9o 100% privatif , juste pour vous 2 directement dans la suite .<br> <\/strong><\/p>\n\n\n\n<p><strong> AAAA 1h30  de Paris et 1h de Lille, entre le Cambr\u00e9sis et l&rsquo;Avesnois, proche du centre ville de la charmante petite ville de Le Cateau Cambr\u00e9sis, nous vous proposons des suites de pr\u00e8s  de 30 m2 , de charme et raffinement , compl\u00e9tement \u00e9quip\u00e9e. Un espace baln\u00e9o vous attend dans votre suite. Au sein m\u00eame du F\u00e9nelon, vous avez \u00e9galement la possibilit\u00e9 de profiter de l&rsquo;espace Bien-\u00eatre (Wellness) d&rsquo;un Spa enti\u00e8rement privatif, avec Sauna,  jacuzzi, douche&#8230; rien que pour vous et votre amoureux ou amoureuse.<\/strong><\/p>\n\n\n\n<p>Bien plus qu\u2019une chambre, nos suites sont compl\u00e8tement \u00e9quip\u00e9es pour un confort maximum, splendide suite avec espace baln\u00e9o privatif \u00e0 louer, pour un week-end de bien \u00eatre en  amoureux ou juste pour une nuit dans le Cambr\u00e9sis, un v\u00e9ritable lieu insolite pour  se retrouver.<\/p>\n\n\n\n<p>Besoin de prendre du temps \u00e0 deux, venez vous  retrouver dans une de nos six magnifiques suites avec espace bien-\u00eatre. Comme dans un h\u00f4tel, ou un g\u00eete de luxe, nos six suites romantiques pour les  amoureux sont enti\u00e8rement \u00e9quip\u00e9es de tout le confort n\u00e9cessaire pour  combler votre bien \u00eatre.<\/p>\n\n\n\n<p>Une demande en mariage, un anniversaire, un moment de d\u00e9tente en couple,&nbsp;un\n \u00e9v\u00e9nement sp\u00e9cial \u00e0 f\u00eater\u2026nous proposons diff\u00e9rentes formules, \nchampagne, p\u00e9tales de roses, cadeau personnalis\u00e9, tout est r\u00e9alisable.<\/p>\n\n\n\n<p>Les peignoirs, essuies, mules, shampoing, savon et s\u00e8che- cheveux sont mis \u00e0 disposition (en pr\u00eat)<\/p>\n\n\n\n<p>Parking priv\u00e9 discret et gratuit \u00e0 votre disposition, grand jardin de 2000M\u00b2 avec chaises longues et tonnelle pour les fumeurs<\/p>\n\n\n\n<p>Afin de profiter au mieux de ce moment de ressourcement, les suites sont r\u00e9serv\u00e9es uniquement aux couples (maximum 2 personnes par suite)<\/p>\n\n\n\n<p>Venez d\u00e9couvrir sans plus attendre les Suites du F\u00e9n\u00e9lon : <a href=\"http:\/\/www.week-end-en-amoureux-jacuzzi.fr\/index.php\/reservez\/\">R\u00e9servez<\/a><\/p>\n","protected":false},"excerpt":{"rendered":"<p>Envie d&rsquo;un week-end de relaxation ? de d\u00e9tente ? Envie de passer du bon temps ? Envie de recharger vos batteries ? Le F\u00e9nelon \u00e0 Le Cateau Cambr\u00e9sis vous propose 6 suites enti\u00e8rement meubl\u00e9es et \u00e9quip\u00e9es pour votre plus grand confort. D\u00e9couvrez nos week-ends Spa. Profitez d&rsquo;un jacuzzi et d&rsquo;un sauna privatif. Une suite avec &hellip; <\/p>\n","protected":false},"author":1,"featured_media":0,"parent":0,"menu_order":0,"comment_status":"closed","ping_status":"closed","template":"","meta":{"footnotes":""},"class_list":["post-5","page","type-page","status-publish","hentry"],"yoast_head":"<!-- This site is optimized with the Yoast SEO plugin v27.4 - https:\/\/yoast.com\/product\/yoast-seo-wordpress\/ -->\n<title>Week-end en amoureux Nord - Les Suites F\u00e9nelon, Love and Spa<\/title>\n<meta name=\"description\" content=\"Week-end en amoureux dans le Nord (59), escapade romantique, s\u00e9jour pour vous retrouver avec votre ch\u00e9rie(e). R\u00e9servez et profitez du spa et de la baln\u00e9eo.\" \/>\n<meta name=\"robots\" content=\"index, follow, max-snippet:-1, max-image-preview:large, max-video-preview:-1\" \/>\n<link rel=\"canonical\" href=\"https:\/\/week-end-en-amoureux-jacuzzi.fr\/\" \/>\n<meta property=\"og:locale\" content=\"fr_FR\" \/>\n<meta property=\"og:type\" content=\"article\" \/>\n<meta property=\"og:title\" content=\"Week-end en amoureux Nord - Les Suites F\u00e9nelon, Love and Spa\" \/>\n<meta property=\"og:description\" content=\"Week-end en amoureux dans le Nord (59), escapade romantique, s\u00e9jour pour vous retrouver avec votre ch\u00e9rie(e). R\u00e9servez et profitez du spa et de la baln\u00e9eo.\" \/>\n<meta property=\"og:url\" content=\"https:\/\/week-end-en-amoureux-jacuzzi.fr\/\" \/>\n<meta property=\"og:site_name\" content=\"Les Suites F\u00e9nelon, Love and Spa\" \/>\n<meta property=\"article:modified_time\" content=\"2020-12-13T22:40:59+00:00\" \/>\n<meta property=\"og:image\" content=\"http:\/\/week-end-en-amoureux-jacuzzi.fr\/wp-content\/uploads\/2019\/04\/apres-travaux-gauche-avec-porte-1024x576.jpg\" \/>\n<meta name=\"twitter:card\" content=\"summary_large_image\" \/>\n<meta name=\"twitter:label1\" content=\"Dur\u00e9e de lecture estim\u00e9e\" \/>\n\t<meta name=\"twitter:data1\" content=\"2 minutes\" \/>\n<script type=\"application\/ld+json\" class=\"yoast-schema-graph\">{\"@context\":\"https:\\\/\\\/schema.org\",\"@graph\":[{\"@type\":\"WebPage\",\"@id\":\"https:\\\/\\\/week-end-en-amoureux-jacuzzi.fr\\\/\",\"url\":\"https:\\\/\\\/week-end-en-amoureux-jacuzzi.fr\\\/\",\"name\":\"Week-end en amoureux Nord - Les Suites F\u00e9nelon, Love and Spa\",\"isPartOf\":{\"@id\":\"https:\\\/\\\/week-end-en-amoureux-jacuzzi.fr\\\/#website\"},\"primaryImageOfPage\":{\"@id\":\"https:\\\/\\\/week-end-en-amoureux-jacuzzi.fr\\\/#primaryimage\"},\"image\":{\"@id\":\"https:\\\/\\\/week-end-en-amoureux-jacuzzi.fr\\\/#primaryimage\"},\"thumbnailUrl\":\"http:\\\/\\\/week-end-en-amoureux-jacuzzi.fr\\\/wp-content\\\/uploads\\\/2019\\\/04\\\/apres-travaux-gauche-avec-porte-1024x576.jpg\",\"datePublished\":\"2019-04-23T21:11:24+00:00\",\"dateModified\":\"2020-12-13T22:40:59+00:00\",\"description\":\"Week-end en amoureux dans le Nord (59), escapade romantique, s\u00e9jour pour vous retrouver avec votre ch\u00e9rie(e). R\u00e9servez et profitez du spa et de la baln\u00e9eo.\",\"breadcrumb\":{\"@id\":\"https:\\\/\\\/week-end-en-amoureux-jacuzzi.fr\\\/#breadcrumb\"},\"inLanguage\":\"fr-FR\",\"potentialAction\":[{\"@type\":\"ReadAction\",\"target\":[\"https:\\\/\\\/week-end-en-amoureux-jacuzzi.fr\\\/\"]}]},{\"@type\":\"ImageObject\",\"inLanguage\":\"fr-FR\",\"@id\":\"https:\\\/\\\/week-end-en-amoureux-jacuzzi.fr\\\/#primaryimage\",\"url\":\"https:\\\/\\\/week-end-en-amoureux-jacuzzi.fr\\\/wp-content\\\/uploads\\\/2019\\\/04\\\/apres-travaux-gauche-avec-porte.jpg\",\"contentUrl\":\"https:\\\/\\\/week-end-en-amoureux-jacuzzi.fr\\\/wp-content\\\/uploads\\\/2019\\\/04\\\/apres-travaux-gauche-avec-porte.jpg\",\"width\":4608,\"height\":2592},{\"@type\":\"BreadcrumbList\",\"@id\":\"https:\\\/\\\/week-end-en-amoureux-jacuzzi.fr\\\/#breadcrumb\",\"itemListElement\":[{\"@type\":\"ListItem\",\"position\":1,\"name\":\"Accueil\",\"item\":\"https:\\\/\\\/week-end-en-amoureux-jacuzzi.fr\\\/\"},{\"@type\":\"ListItem\",\"position\":2,\"name\":\"Week-end en amoureux Nord\"}]},{\"@type\":\"WebSite\",\"@id\":\"https:\\\/\\\/week-end-en-amoureux-jacuzzi.fr\\\/#website\",\"url\":\"https:\\\/\\\/week-end-en-amoureux-jacuzzi.fr\\\/\",\"name\":\"Les Suites F\u00e9nelon, Love and Spa\",\"description\":\"Weekend en amoureux dans le NORD \",\"publisher\":{\"@id\":\"https:\\\/\\\/week-end-en-amoureux-jacuzzi.fr\\\/#\\\/schema\\\/person\\\/f4e8bd1854be134a6ac5b8dfb5c14e2d\"},\"potentialAction\":[{\"@type\":\"SearchAction\",\"target\":{\"@type\":\"EntryPoint\",\"urlTemplate\":\"https:\\\/\\\/week-end-en-amoureux-jacuzzi.fr\\\/?s={search_term_string}\"},\"query-input\":{\"@type\":\"PropertyValueSpecification\",\"valueRequired\":true,\"valueName\":\"search_term_string\"}}],\"inLanguage\":\"fr-FR\"},{\"@type\":[\"Person\",\"Organization\"],\"@id\":\"https:\\\/\\\/week-end-en-amoureux-jacuzzi.fr\\\/#\\\/schema\\\/person\\\/f4e8bd1854be134a6ac5b8dfb5c14e2d\",\"name\":\"admin3190\",\"image\":{\"@type\":\"ImageObject\",\"inLanguage\":\"fr-FR\",\"@id\":\"https:\\\/\\\/week-end-en-amoureux-jacuzzi.fr\\\/wp-content\\\/uploads\\\/2019\\\/08\\\/Logo-Les-Suites-Fenelon-weekend-en-amoureux-59.png\",\"url\":\"https:\\\/\\\/week-end-en-amoureux-jacuzzi.fr\\\/wp-content\\\/uploads\\\/2019\\\/08\\\/Logo-Les-Suites-Fenelon-weekend-en-amoureux-59.png\",\"contentUrl\":\"https:\\\/\\\/week-end-en-amoureux-jacuzzi.fr\\\/wp-content\\\/uploads\\\/2019\\\/08\\\/Logo-Les-Suites-Fenelon-weekend-en-amoureux-59.png\",\"width\":196,\"height\":150,\"caption\":\"admin3190\"},\"logo\":{\"@id\":\"https:\\\/\\\/week-end-en-amoureux-jacuzzi.fr\\\/wp-content\\\/uploads\\\/2019\\\/08\\\/Logo-Les-Suites-Fenelon-weekend-en-amoureux-59.png\"}}]}<\/script>\n<!-- \/ Yoast SEO plugin. -->","yoast_head_json":{"title":"Week-end en amoureux Nord - Les Suites F\u00e9nelon, Love and Spa","description":"Week-end en amoureux dans le Nord (59), escapade romantique, s\u00e9jour pour vous retrouver avec votre ch\u00e9rie(e). R\u00e9servez et profitez du spa et de la baln\u00e9eo.","robots":{"index":"index","follow":"follow","max-snippet":"max-snippet:-1","max-image-preview":"max-image-preview:large","max-video-preview":"max-video-preview:-1"},"canonical":"https:\/\/week-end-en-amoureux-jacuzzi.fr\/","og_locale":"fr_FR","og_type":"article","og_title":"Week-end en amoureux Nord - Les Suites F\u00e9nelon, Love and Spa","og_description":"Week-end en amoureux dans le Nord (59), escapade romantique, s\u00e9jour pour vous retrouver avec votre ch\u00e9rie(e). R\u00e9servez et profitez du spa et de la baln\u00e9eo.","og_url":"https:\/\/week-end-en-amoureux-jacuzzi.fr\/","og_site_name":"Les Suites F\u00e9nelon, Love and Spa","article_modified_time":"2020-12-13T22:40:59+00:00","og_image":[{"url":"http:\/\/week-end-en-amoureux-jacuzzi.fr\/wp-content\/uploads\/2019\/04\/apres-travaux-gauche-avec-porte-1024x576.jpg","type":"","width":"","height":""}],"twitter_card":"summary_large_image","twitter_misc":{"Dur\u00e9e de lecture estim\u00e9e":"2 minutes"},"schema":{"@context":"https:\/\/schema.org","@graph":[{"@type":"WebPage","@id":"https:\/\/week-end-en-amoureux-jacuzzi.fr\/","url":"https:\/\/week-end-en-amoureux-jacuzzi.fr\/","name":"Week-end en amoureux Nord - Les Suites F\u00e9nelon, Love and Spa","isPartOf":{"@id":"https:\/\/week-end-en-amoureux-jacuzzi.fr\/#website"},"primaryImageOfPage":{"@id":"https:\/\/week-end-en-amoureux-jacuzzi.fr\/#primaryimage"},"image":{"@id":"https:\/\/week-end-en-amoureux-jacuzzi.fr\/#primaryimage"},"thumbnailUrl":"http:\/\/week-end-en-amoureux-jacuzzi.fr\/wp-content\/uploads\/2019\/04\/apres-travaux-gauche-avec-porte-1024x576.jpg","datePublished":"2019-04-23T21:11:24+00:00","dateModified":"2020-12-13T22:40:59+00:00","description":"Week-end en amoureux dans le Nord (59), escapade romantique, s\u00e9jour pour vous retrouver avec votre ch\u00e9rie(e). R\u00e9servez et profitez du spa et de la baln\u00e9eo.","breadcrumb":{"@id":"https:\/\/week-end-en-amoureux-jacuzzi.fr\/#breadcrumb"},"inLanguage":"fr-FR","potentialAction":[{"@type":"ReadAction","target":["https:\/\/week-end-en-amoureux-jacuzzi.fr\/"]}]},{"@type":"ImageObject","inLanguage":"fr-FR","@id":"https:\/\/week-end-en-amoureux-jacuzzi.fr\/#primaryimage","url":"https:\/\/week-end-en-amoureux-jacuzzi.fr\/wp-content\/uploads\/2019\/04\/apres-travaux-gauche-avec-porte.jpg","contentUrl":"https:\/\/week-end-en-amoureux-jacuzzi.fr\/wp-content\/uploads\/2019\/04\/apres-travaux-gauche-avec-porte.jpg","width":4608,"height":2592},{"@type":"BreadcrumbList","@id":"https:\/\/week-end-en-amoureux-jacuzzi.fr\/#breadcrumb","itemListElement":[{"@type":"ListItem","position":1,"name":"Accueil","item":"https:\/\/week-end-en-amoureux-jacuzzi.fr\/"},{"@type":"ListItem","position":2,"name":"Week-end en amoureux Nord"}]},{"@type":"WebSite","@id":"https:\/\/week-end-en-amoureux-jacuzzi.fr\/#website","url":"https:\/\/week-end-en-amoureux-jacuzzi.fr\/","name":"Les Suites F\u00e9nelon, Love and Spa","description":"Weekend en amoureux dans le NORD ","publisher":{"@id":"https:\/\/week-end-en-amoureux-jacuzzi.fr\/#\/schema\/person\/f4e8bd1854be134a6ac5b8dfb5c14e2d"},"potentialAction":[{"@type":"SearchAction","target":{"@type":"EntryPoint","urlTemplate":"https:\/\/week-end-en-amoureux-jacuzzi.fr\/?s={search_term_string}"},"query-input":{"@type":"PropertyValueSpecification","valueRequired":true,"valueName":"search_term_string"}}],"inLanguage":"fr-FR"},{"@type":["Person","Organization"],"@id":"https:\/\/week-end-en-amoureux-jacuzzi.fr\/#\/schema\/person\/f4e8bd1854be134a6ac5b8dfb5c14e2d","name":"admin3190","image":{"@type":"ImageObject","inLanguage":"fr-FR","@id":"https:\/\/week-end-en-amoureux-jacuzzi.fr\/wp-content\/uploads\/2019\/08\/Logo-Les-Suites-Fenelon-weekend-en-amoureux-59.png","url":"https:\/\/week-end-en-amoureux-jacuzzi.fr\/wp-content\/uploads\/2019\/08\/Logo-Les-Suites-Fenelon-weekend-en-amoureux-59.png","contentUrl":"https:\/\/week-end-en-amoureux-jacuzzi.fr\/wp-content\/uploads\/2019\/08\/Logo-Les-Suites-Fenelon-weekend-en-amoureux-59.png","width":196,"height":150,"caption":"admin3190"},"logo":{"@id":"https:\/\/week-end-en-amoureux-jacuzzi.fr\/wp-content\/uploads\/2019\/08\/Logo-Les-Suites-Fenelon-weekend-en-amoureux-59.png"}}]}},"_links":{"self":[{"href":"https:\/\/week-end-en-amoureux-jacuzzi.fr\/index.php\/wp-json\/wp\/v2\/pages\/5","targetHints":{"allow":["GET"]}}],"collection":[{"href":"https:\/\/week-end-en-amoureux-jacuzzi.fr\/index.php\/wp-json\/wp\/v2\/pages"}],"about":[{"href":"https:\/\/week-end-en-amoureux-jacuzzi.fr\/index.php\/wp-json\/wp\/v2\/types\/page"}],"author":[{"embeddable":true,"href":"https:\/\/week-end-en-amoureux-jacuzzi.fr\/index.php\/wp-json\/wp\/v2\/users\/1"}],"replies":[{"embeddable":true,"href":"https:\/\/week-end-en-amoureux-jacuzzi.fr\/index.php\/wp-json\/wp\/v2\/comments?post=5"}],"version-history":[{"count":20,"href":"https:\/\/week-end-en-amoureux-jacuzzi.fr\/index.php\/wp-json\/wp\/v2\/pages\/5\/revisions"}],"predecessor-version":[{"id":200,"href":"https:\/\/week-end-en-amoureux-jacuzzi.fr\/index.php\/wp-json\/wp\/v2\/pages\/5\/revisions\/200"}],"wp:attachment":[{"href":"https:\/\/week-end-en-amoureux-jacuzzi.fr\/index.php\/wp-json\/wp\/v2\/media?parent=5"}],"curies":[{"name":"wp","href":"https:\/\/api.w.org\/{rel}","templated":true}]}}