{"id":42,"date":"2019-04-23T23:57:57","date_gmt":"2019-04-23T21:57:57","guid":{"rendered":"http:\/\/week-end-en-amoureux-jacuzzi.fr\/?page_id=42"},"modified":"2020-12-13T23:35:29","modified_gmt":"2020-12-13T22:35:29","slug":"2-6-appartement-seventies","status":"publish","type":"page","link":"https:\/\/week-end-en-amoureux-jacuzzi.fr\/index.php\/les-appartements\/2-6-appartement-seventies\/","title":{"rendered":"2.6 La seventies"},"content":{"rendered":"","protected":false},"excerpt":{"rendered":"","protected":false},"author":1,"featured_media":0,"parent":20,"menu_order":6,"comment_status":"closed","ping_status":"closed","template":"","meta":{"footnotes":""},"class_list":["post-42","page","type-page","status-publish","hentry"],"yoast_head":"<!-- This site is optimized with the Yoast SEO plugin v27.4 - https:\/\/yoast.com\/product\/yoast-seo-wordpress\/ -->\n<title>2.6 La seventies - Les Suites F\u00e9nelon, Love and Spa<\/title>\n<meta name=\"description\" content=\"Atmosph\u00e8re haute en couleur, cette suite reprend l&#039;univers artistique pop-art de Roy Lichtenstein. D\u00e9connectez vous et profitez de votre baln\u00e9o !\" \/>\n<meta name=\"robots\" content=\"index, follow, max-snippet:-1, max-image-preview:large, max-video-preview:-1\" \/>\n<link rel=\"canonical\" href=\"https:\/\/week-end-en-amoureux-jacuzzi.fr\/index.php\/les-appartements\/2-6-appartement-seventies\/\" \/>\n<meta property=\"og:locale\" content=\"fr_FR\" \/>\n<meta property=\"og:type\" content=\"article\" \/>\n<meta property=\"og:title\" content=\"2.6 La seventies - Les Suites F\u00e9nelon, Love and Spa\" \/>\n<meta property=\"og:description\" content=\"Atmosph\u00e8re haute en couleur, cette suite reprend l&#039;univers artistique pop-art de Roy Lichtenstein. D\u00e9connectez vous et profitez de votre baln\u00e9o !\" \/>\n<meta property=\"og:url\" content=\"https:\/\/week-end-en-amoureux-jacuzzi.fr\/index.php\/les-appartements\/2-6-appartement-seventies\/\" \/>\n<meta property=\"og:site_name\" content=\"Les Suites F\u00e9nelon, Love and Spa\" \/>\n<meta property=\"article:modified_time\" content=\"2020-12-13T22:35:29+00:00\" \/>\n<meta name=\"twitter:card\" content=\"summary_large_image\" \/>\n<script type=\"application\/ld+json\" class=\"yoast-schema-graph\">{\"@context\":\"https:\\\/\\\/schema.org\",\"@graph\":[{\"@type\":\"WebPage\",\"@id\":\"https:\\\/\\\/week-end-en-amoureux-jacuzzi.fr\\\/index.php\\\/les-appartements\\\/2-6-appartement-seventies\\\/\",\"url\":\"https:\\\/\\\/week-end-en-amoureux-jacuzzi.fr\\\/index.php\\\/les-appartements\\\/2-6-appartement-seventies\\\/\",\"name\":\"2.6 La seventies - Les Suites F\u00e9nelon, Love and Spa\",\"isPartOf\":{\"@id\":\"https:\\\/\\\/week-end-en-amoureux-jacuzzi.fr\\\/#website\"},\"datePublished\":\"2019-04-23T21:57:57+00:00\",\"dateModified\":\"2020-12-13T22:35:29+00:00\",\"description\":\"Atmosph\u00e8re haute en couleur, cette suite reprend l'univers artistique pop-art de Roy Lichtenstein. D\u00e9connectez vous et profitez de votre baln\u00e9o !\",\"breadcrumb\":{\"@id\":\"https:\\\/\\\/week-end-en-amoureux-jacuzzi.fr\\\/index.php\\\/les-appartements\\\/2-6-appartement-seventies\\\/#breadcrumb\"},\"inLanguage\":\"fr-FR\",\"potentialAction\":[{\"@type\":\"ReadAction\",\"target\":[\"https:\\\/\\\/week-end-en-amoureux-jacuzzi.fr\\\/index.php\\\/les-appartements\\\/2-6-appartement-seventies\\\/\"]}]},{\"@type\":\"BreadcrumbList\",\"@id\":\"https:\\\/\\\/week-end-en-amoureux-jacuzzi.fr\\\/index.php\\\/les-appartements\\\/2-6-appartement-seventies\\\/#breadcrumb\",\"itemListElement\":[{\"@type\":\"ListItem\",\"position\":1,\"name\":\"Accueil\",\"item\":\"https:\\\/\\\/week-end-en-amoureux-jacuzzi.fr\\\/\"},{\"@type\":\"ListItem\",\"position\":2,\"name\":\"Les Appartements\",\"item\":\"https:\\\/\\\/week-end-en-amoureux-jacuzzi.fr\\\/index.php\\\/les-appartements\\\/\"},{\"@type\":\"ListItem\",\"position\":3,\"name\":\"2.6 La seventies\"}]},{\"@type\":\"WebSite\",\"@id\":\"https:\\\/\\\/week-end-en-amoureux-jacuzzi.fr\\\/#website\",\"url\":\"https:\\\/\\\/week-end-en-amoureux-jacuzzi.fr\\\/\",\"name\":\"Les Suites F\u00e9nelon, Love and Spa\",\"description\":\"Weekend en amoureux dans le NORD \",\"publisher\":{\"@id\":\"https:\\\/\\\/week-end-en-amoureux-jacuzzi.fr\\\/#\\\/schema\\\/person\\\/f4e8bd1854be134a6ac5b8dfb5c14e2d\"},\"potentialAction\":[{\"@type\":\"SearchAction\",\"target\":{\"@type\":\"EntryPoint\",\"urlTemplate\":\"https:\\\/\\\/week-end-en-amoureux-jacuzzi.fr\\\/?s={search_term_string}\"},\"query-input\":{\"@type\":\"PropertyValueSpecification\",\"valueRequired\":true,\"valueName\":\"search_term_string\"}}],\"inLanguage\":\"fr-FR\"},{\"@type\":[\"Person\",\"Organization\"],\"@id\":\"https:\\\/\\\/week-end-en-amoureux-jacuzzi.fr\\\/#\\\/schema\\\/person\\\/f4e8bd1854be134a6ac5b8dfb5c14e2d\",\"name\":\"admin3190\",\"image\":{\"@type\":\"ImageObject\",\"inLanguage\":\"fr-FR\",\"@id\":\"https:\\\/\\\/week-end-en-amoureux-jacuzzi.fr\\\/wp-content\\\/uploads\\\/2019\\\/08\\\/Logo-Les-Suites-Fenelon-weekend-en-amoureux-59.png\",\"url\":\"https:\\\/\\\/week-end-en-amoureux-jacuzzi.fr\\\/wp-content\\\/uploads\\\/2019\\\/08\\\/Logo-Les-Suites-Fenelon-weekend-en-amoureux-59.png\",\"contentUrl\":\"https:\\\/\\\/week-end-en-amoureux-jacuzzi.fr\\\/wp-content\\\/uploads\\\/2019\\\/08\\\/Logo-Les-Suites-Fenelon-weekend-en-amoureux-59.png\",\"width\":196,\"height\":150,\"caption\":\"admin3190\"},\"logo\":{\"@id\":\"https:\\\/\\\/week-end-en-amoureux-jacuzzi.fr\\\/wp-content\\\/uploads\\\/2019\\\/08\\\/Logo-Les-Suites-Fenelon-weekend-en-amoureux-59.png\"}}]}<\/script>\n<!-- \/ Yoast SEO plugin. -->","yoast_head_json":{"title":"2.6 La seventies - Les Suites F\u00e9nelon, Love and Spa","description":"Atmosph\u00e8re haute en couleur, cette suite reprend l'univers artistique pop-art de Roy Lichtenstein. D\u00e9connectez vous et profitez de votre baln\u00e9o !","robots":{"index":"index","follow":"follow","max-snippet":"max-snippet:-1","max-image-preview":"max-image-preview:large","max-video-preview":"max-video-preview:-1"},"canonical":"https:\/\/week-end-en-amoureux-jacuzzi.fr\/index.php\/les-appartements\/2-6-appartement-seventies\/","og_locale":"fr_FR","og_type":"article","og_title":"2.6 La seventies - Les Suites F\u00e9nelon, Love and Spa","og_description":"Atmosph\u00e8re haute en couleur, cette suite reprend l'univers artistique pop-art de Roy Lichtenstein. D\u00e9connectez vous et profitez de votre baln\u00e9o !","og_url":"https:\/\/week-end-en-amoureux-jacuzzi.fr\/index.php\/les-appartements\/2-6-appartement-seventies\/","og_site_name":"Les Suites F\u00e9nelon, Love and Spa","article_modified_time":"2020-12-13T22:35:29+00:00","twitter_card":"summary_large_image","schema":{"@context":"https:\/\/schema.org","@graph":[{"@type":"WebPage","@id":"https:\/\/week-end-en-amoureux-jacuzzi.fr\/index.php\/les-appartements\/2-6-appartement-seventies\/","url":"https:\/\/week-end-en-amoureux-jacuzzi.fr\/index.php\/les-appartements\/2-6-appartement-seventies\/","name":"2.6 La seventies - Les Suites F\u00e9nelon, Love and Spa","isPartOf":{"@id":"https:\/\/week-end-en-amoureux-jacuzzi.fr\/#website"},"datePublished":"2019-04-23T21:57:57+00:00","dateModified":"2020-12-13T22:35:29+00:00","description":"Atmosph\u00e8re haute en couleur, cette suite reprend l'univers artistique pop-art de Roy Lichtenstein. D\u00e9connectez vous et profitez de votre baln\u00e9o !","breadcrumb":{"@id":"https:\/\/week-end-en-amoureux-jacuzzi.fr\/index.php\/les-appartements\/2-6-appartement-seventies\/#breadcrumb"},"inLanguage":"fr-FR","potentialAction":[{"@type":"ReadAction","target":["https:\/\/week-end-en-amoureux-jacuzzi.fr\/index.php\/les-appartements\/2-6-appartement-seventies\/"]}]},{"@type":"BreadcrumbList","@id":"https:\/\/week-end-en-amoureux-jacuzzi.fr\/index.php\/les-appartements\/2-6-appartement-seventies\/#breadcrumb","itemListElement":[{"@type":"ListItem","position":1,"name":"Accueil","item":"https:\/\/week-end-en-amoureux-jacuzzi.fr\/"},{"@type":"ListItem","position":2,"name":"Les Appartements","item":"https:\/\/week-end-en-amoureux-jacuzzi.fr\/index.php\/les-appartements\/"},{"@type":"ListItem","position":3,"name":"2.6 La seventies"}]},{"@type":"WebSite","@id":"https:\/\/week-end-en-amoureux-jacuzzi.fr\/#website","url":"https:\/\/week-end-en-amoureux-jacuzzi.fr\/","name":"Les Suites F\u00e9nelon, Love and Spa","description":"Weekend en amoureux dans le NORD ","publisher":{"@id":"https:\/\/week-end-en-amoureux-jacuzzi.fr\/#\/schema\/person\/f4e8bd1854be134a6ac5b8dfb5c14e2d"},"potentialAction":[{"@type":"SearchAction","target":{"@type":"EntryPoint","urlTemplate":"https:\/\/week-end-en-amoureux-jacuzzi.fr\/?s={search_term_string}"},"query-input":{"@type":"PropertyValueSpecification","valueRequired":true,"valueName":"search_term_string"}}],"inLanguage":"fr-FR"},{"@type":["Person","Organization"],"@id":"https:\/\/week-end-en-amoureux-jacuzzi.fr\/#\/schema\/person\/f4e8bd1854be134a6ac5b8dfb5c14e2d","name":"admin3190","image":{"@type":"ImageObject","inLanguage":"fr-FR","@id":"https:\/\/week-end-en-amoureux-jacuzzi.fr\/wp-content\/uploads\/2019\/08\/Logo-Les-Suites-Fenelon-weekend-en-amoureux-59.png","url":"https:\/\/week-end-en-amoureux-jacuzzi.fr\/wp-content\/uploads\/2019\/08\/Logo-Les-Suites-Fenelon-weekend-en-amoureux-59.png","contentUrl":"https:\/\/week-end-en-amoureux-jacuzzi.fr\/wp-content\/uploads\/2019\/08\/Logo-Les-Suites-Fenelon-weekend-en-amoureux-59.png","width":196,"height":150,"caption":"admin3190"},"logo":{"@id":"https:\/\/week-end-en-amoureux-jacuzzi.fr\/wp-content\/uploads\/2019\/08\/Logo-Les-Suites-Fenelon-weekend-en-amoureux-59.png"}}]}},"_links":{"self":[{"href":"https:\/\/week-end-en-amoureux-jacuzzi.fr\/index.php\/wp-json\/wp\/v2\/pages\/42","targetHints":{"allow":["GET"]}}],"collection":[{"href":"https:\/\/week-end-en-amoureux-jacuzzi.fr\/index.php\/wp-json\/wp\/v2\/pages"}],"about":[{"href":"https:\/\/week-end-en-amoureux-jacuzzi.fr\/index.php\/wp-json\/wp\/v2\/types\/page"}],"author":[{"embeddable":true,"href":"https:\/\/week-end-en-amoureux-jacuzzi.fr\/index.php\/wp-json\/wp\/v2\/users\/1"}],"replies":[{"embeddable":true,"href":"https:\/\/week-end-en-amoureux-jacuzzi.fr\/index.php\/wp-json\/wp\/v2\/comments?post=42"}],"version-history":[{"count":4,"href":"https:\/\/week-end-en-amoureux-jacuzzi.fr\/index.php\/wp-json\/wp\/v2\/pages\/42\/revisions"}],"predecessor-version":[{"id":198,"href":"https:\/\/week-end-en-amoureux-jacuzzi.fr\/index.php\/wp-json\/wp\/v2\/pages\/42\/revisions\/198"}],"up":[{"embeddable":true,"href":"https:\/\/week-end-en-amoureux-jacuzzi.fr\/index.php\/wp-json\/wp\/v2\/pages\/20"}],"wp:attachment":[{"href":"https:\/\/week-end-en-amoureux-jacuzzi.fr\/index.php\/wp-json\/wp\/v2\/media?parent=42"}],"curies":[{"name":"wp","href":"https:\/\/api.w.org\/{rel}","templated":true}]}}