{"id":24,"date":"2019-04-23T23:48:16","date_gmt":"2019-04-23T21:48:16","guid":{"rendered":"http:\/\/week-end-en-amoureux-jacuzzi.fr\/?page_id=24"},"modified":"2019-09-10T09:02:13","modified_gmt":"2019-09-10T07:02:13","slug":"a-propos","status":"publish","type":"page","link":"https:\/\/week-end-en-amoureux-jacuzzi.fr\/index.php\/a-propos\/","title":{"rendered":"A propos"},"content":{"rendered":"\n<p>Passionn\u00e9s de voyages et attach\u00e9s au  confort moderne, nous souhaitons proposer un \u00e9tablissement qui vous  permette de vous sentir \u00ab&nbsp;comme \u00e0 la maison&nbsp;\u00bb au c\u0153ur du cambr\u00e9sis, au porte de l&rsquo;Avesnois.<\/p>\n\n\n\n<p>Notre localisation a \u00e9t\u00e9 rigoureusement choisie&nbsp;:<\/p>\n\n\n\n<p>Vous \u00eates au c\u0153ur de la ville, dans la ville historique de LE CATEAU CAMBRESIS, petite Ville du Cambr\u00e9sis remplie de charme.<\/p>\n\n\n\n<p>La plupart de nos appartements  b\u00e9n\u00e9ficient d\u2019une vue directe sur le parc du F\u00e9nelon.<\/p>\n\n\n\n<p>Au pied de l\u2019immeuble, vous trouverez \nnombre de restaurants, de commerces de proximit\u00e9 et de boutiques pour \nsatisfaire vos besoins et vos envies.<\/p>\n\n\n\n<p>Les principaux points d\u2019int\u00e9r\u00eats  touristiques sont accessibles directement \u00e0 pied&nbsp;: le mus\u00e9e Matisse, la brasserie historique du Cateau Cambr\u00e9sis, le centre ville et ses rues pav\u00e9es\u2026<\/p>\n\n\n\n<p>Nos appartements ont \u00e9t\u00e9 \u00e9quip\u00e9s et d\u00e9cor\u00e9s avec soin&nbsp;:<\/p>\n\n\n\n<p>Vous s\u00e9journerez dans des appartements  fonctionnels \u00e9quip\u00e9s d\u2019une literie haut de gamme,  et d\u2019une cuisine enti\u00e8rement am\u00e9nag\u00e9e pour vous garantir un maximum de  confort.<\/p>\n\n\n\n<p>Chaque appartement est diff\u00e9rent et \ndispose d\u2019une d\u00e9coration et d\u2019un am\u00e9nagement qui lui est propre. \nN\u2019h\u00e9sitez pas \u00e0 consulter la galerie photos pour faire votre choix&nbsp;!<\/p>\n\n\n\n<p>Tous nos appartements disposent d\u2019une \ncafeti\u00e8re Nespresso, d\u2019une bouilloire, de dosettes de caf\u00e9 et th\u00e9 de \nbienvenue, d\u2019un four \u00e0 micro onde, d\u2019un r\u00e9frig\u00e9rateur, de plaques de \ncuisson \u00e0 induction et de tout le n\u00e9cessaire pour cuisiner sur place \n(vaisselle, casseroles, po\u00eales\u2026).&nbsp; Le linge de lit et de toilette est \n\u00e9galement fourni.<\/p>\n\n\n\n<p>Nous avons tout mis en \u0153uvre pour vous  garantir un s\u00e9jour des plus agr\u00e9ables et vous faire profiter du charme  du Cambr\u00e9is ou de votre d\u00e9couverte de l&rsquo;Avesnois !<\/p>\n\n\n\n<div style=\"height:100px\" aria-hidden=\"true\" class=\"wp-block-spacer\"><\/div>\n\n\n\n<hr class=\"wp-block-separator\"\/>\n\n\n  \n  \n  <div class=\"\n    mailpoet_form_popup_overlay\n      \"><\/div>\n  <div\n    id=\"mailpoet_form_2\"\n    class=\"\n      mailpoet_form\n      mailpoet_form_shortcode\n      mailpoet_form_position_\n      mailpoet_form_animation_\n    \"\n      >\n    \n    <style type=\"text\/css\">\n     .mailpoet_hp_email_label{display:none!important;}#mailpoet_form_2 .mailpoet_form {  }\n#mailpoet_form_2 .mailpoet_paragraph { line-height: 20px; }\n#mailpoet_form_2 .mailpoet_segment_label, #mailpoet_form_2 .mailpoet_text_label, #mailpoet_form_2 .mailpoet_textarea_label, #mailpoet_form_2 .mailpoet_select_label, #mailpoet_form_2 .mailpoet_radio_label, #mailpoet_form_2 .mailpoet_checkbox_label, #mailpoet_form_2 .mailpoet_list_label, #mailpoet_form_2 .mailpoet_date_label { display: block; font-weight: bold; }\n#mailpoet_form_2 .mailpoet_text, #mailpoet_form_2 .mailpoet_textarea, #mailpoet_form_2 .mailpoet_select, #mailpoet_form_2 .mailpoet_date_month, #mailpoet_form_2 .mailpoet_date_day, #mailpoet_form_2 .mailpoet_date_year, #mailpoet_form_2 .mailpoet_date { display: block; }\n#mailpoet_form_2 .mailpoet_text, #mailpoet_form_2 .mailpoet_textarea { width: 200px; }\n#mailpoet_form_2 .mailpoet_checkbox {  }\n#mailpoet_form_2 .mailpoet_submit input {  }\n#mailpoet_form_2 .mailpoet_divider {  }\n#mailpoet_form_2 .mailpoet_message {  }\n#mailpoet_form_2 .mailpoet_validate_success { font-weight: 600; color: #468847; }\n#mailpoet_form_2 .mailpoet_validate_error { color: #b94a48; }\n#mailpoet_form_2 .mailpoet_form_loading { width: 30px; text-align: center; line-height: normal; }\n#mailpoet_form_2 .mailpoet_form_loading > span { width: 5px; height: 5px; background-color: #5b5b5b; }#mailpoet_form_2{;}#mailpoet_form_2 .mailpoet_message {margin: 0; padding: 0 20px;}#mailpoet_form_2 .mailpoet_paragraph.last {margin-bottom: 0} @media (max-width: 500px) {#mailpoet_form_2 {background-image: none;}} @media (min-width: 500px) {#mailpoet_form_2 .last .mailpoet_paragraph:last-child {margin-bottom: 0}}  @media (max-width: 500px) {#mailpoet_form_2 .mailpoet_form_column:last-child .mailpoet_paragraph:last-child {margin-bottom: 0}} \n    <\/style>\n\n    <form\n      target=\"_self\"\n      method=\"post\"\n      action=\"https:\/\/week-end-en-amoureux-jacuzzi.fr\/wp-admin\/admin-post.php?action=mailpoet_subscription_form\"\n      class=\"mailpoet_form mailpoet_form_form mailpoet_form_shortcode\"\n      novalidate\n      data-delay=\"\"\n      data-exit-intent-enabled=\"\"\n      data-font-family=\"\"\n    >\n      <input type=\"hidden\" name=\"data[form_id]\" value=\"2\" \/>\n      <input type=\"hidden\" name=\"token\" value=\"788da6fe02\" \/>\n      <input type=\"hidden\" name=\"api_version\" value=\"v1\" \/>\n      <input type=\"hidden\" name=\"endpoint\" value=\"subscribers\" \/>\n      <input type=\"hidden\" name=\"mailpoet_method\" value=\"subscribe\" \/>\n\n      <label class=\"mailpoet_hp_email_label\">Veuillez laisser ce champ vide<input type=\"email\" name=\"data[email]\"\/><\/label><div class=\"mailpoet_paragraph\" >Rejoignez le club VIP et recevez vos avantages.<\/div>\n<div class=\"mailpoet_paragraph\"><label class=\"mailpoet_text_label\" data-automation-id=\"form_email_label\" >E-mail <span class=\"mailpoet_required\">*<\/span><\/label><input type=\"email\" class=\"mailpoet_text\" name=\"data[form_field_Mzk4ZjhjOTQyNmIxX2VtYWls]\" title=\"E-mail\" value=\"\" data-automation-id=\"form_email\" data-parsley-required=\"true\" data-parsley-minlength=\"6\" data-parsley-maxlength=\"150\" data-parsley-error-message=\"Veuillez sp\u00e9cifier une adresse de messagerie valide.\" data-parsley-required-message=\"Ce champ est n\u00e9cessaire.\"\/><\/div>\n<div class=\"mailpoet_paragraph\"><input type=\"submit\" class=\"mailpoet_submit\" value=\"Rejoindre le club VIP !\" data-automation-id=\"subscribe-submit-button\" style=\"border-color:transparent;\" \/><span class=\"mailpoet_form_loading\"><span class=\"mailpoet_bounce1\"><\/span><span class=\"mailpoet_bounce2\"><\/span><span class=\"mailpoet_bounce3\"><\/span><\/span><\/div>\n\n      <div class=\"mailpoet_message\">\n        <p class=\"mailpoet_validate_success\"\n                style=\"display:none;\"\n                >V\u00e9rifiez votre boite de r\u00e9ception ou votre r\u00e9pertoire d\u2019ind\u00e9sirables pour confirmer votre abonnement.\n        <\/p>\n        <p class=\"mailpoet_validate_error\"\n                style=\"display:none;\"\n                >        <\/p>\n      <\/div>\n    <\/form>\n  <\/div>\n\n  \n","protected":false},"excerpt":{"rendered":"<p>Passionn\u00e9s de voyages et attach\u00e9s au confort moderne, nous souhaitons proposer un \u00e9tablissement qui vous permette de vous sentir \u00ab&nbsp;comme \u00e0 la maison&nbsp;\u00bb au c\u0153ur du cambr\u00e9sis, au porte de l&rsquo;Avesnois. Notre localisation a \u00e9t\u00e9 rigoureusement choisie&nbsp;: Vous \u00eates au c\u0153ur de la ville, dans la ville historique de LE CATEAU CAMBRESIS, petite Ville du &hellip; <\/p>\n","protected":false},"author":1,"featured_media":0,"parent":0,"menu_order":10,"comment_status":"closed","ping_status":"closed","template":"","meta":{"footnotes":""},"class_list":["post-24","page","type-page","status-publish","hentry"],"yoast_head":"<!-- This site is optimized with the Yoast SEO plugin v27.4 - https:\/\/yoast.com\/product\/yoast-seo-wordpress\/ -->\n<title>A propos - Les Suites F\u00e9nelon, Love and Spa<\/title>\n<meta name=\"description\" content=\"Location de vacances pour amoureux dans le Cambr\u00e9sis, sentez vous comme \u00e0 la maison. Nos appartements poss\u00e8dent tout le confort moderne... et m\u00eame plus !\" \/>\n<meta name=\"robots\" content=\"index, follow, max-snippet:-1, max-image-preview:large, max-video-preview:-1\" \/>\n<link rel=\"canonical\" href=\"https:\/\/week-end-en-amoureux-jacuzzi.fr\/index.php\/a-propos\/\" \/>\n<meta property=\"og:locale\" content=\"fr_FR\" \/>\n<meta property=\"og:type\" content=\"article\" \/>\n<meta property=\"og:title\" content=\"A propos - Les Suites F\u00e9nelon, Love and Spa\" \/>\n<meta property=\"og:description\" content=\"Location de vacances pour amoureux dans le Cambr\u00e9sis, sentez vous comme \u00e0 la maison. Nos appartements poss\u00e8dent tout le confort moderne... et m\u00eame plus !\" \/>\n<meta property=\"og:url\" content=\"https:\/\/week-end-en-amoureux-jacuzzi.fr\/index.php\/a-propos\/\" \/>\n<meta property=\"og:site_name\" content=\"Les Suites F\u00e9nelon, Love and Spa\" \/>\n<meta property=\"article:modified_time\" content=\"2019-09-10T07:02:13+00:00\" \/>\n<meta name=\"twitter:card\" content=\"summary_large_image\" \/>\n<meta name=\"twitter:label1\" content=\"Dur\u00e9e de lecture estim\u00e9e\" \/>\n\t<meta name=\"twitter:data1\" content=\"2 minutes\" \/>\n<script type=\"application\/ld+json\" class=\"yoast-schema-graph\">{\"@context\":\"https:\\\/\\\/schema.org\",\"@graph\":[{\"@type\":\"WebPage\",\"@id\":\"https:\\\/\\\/week-end-en-amoureux-jacuzzi.fr\\\/index.php\\\/a-propos\\\/\",\"url\":\"https:\\\/\\\/week-end-en-amoureux-jacuzzi.fr\\\/index.php\\\/a-propos\\\/\",\"name\":\"A propos - Les Suites F\u00e9nelon, Love and Spa\",\"isPartOf\":{\"@id\":\"https:\\\/\\\/week-end-en-amoureux-jacuzzi.fr\\\/#website\"},\"datePublished\":\"2019-04-23T21:48:16+00:00\",\"dateModified\":\"2019-09-10T07:02:13+00:00\",\"description\":\"Location de vacances pour amoureux dans le Cambr\u00e9sis, sentez vous comme \u00e0 la maison. Nos appartements poss\u00e8dent tout le confort moderne... et m\u00eame plus !\",\"breadcrumb\":{\"@id\":\"https:\\\/\\\/week-end-en-amoureux-jacuzzi.fr\\\/index.php\\\/a-propos\\\/#breadcrumb\"},\"inLanguage\":\"fr-FR\",\"potentialAction\":[{\"@type\":\"ReadAction\",\"target\":[\"https:\\\/\\\/week-end-en-amoureux-jacuzzi.fr\\\/index.php\\\/a-propos\\\/\"]}]},{\"@type\":\"BreadcrumbList\",\"@id\":\"https:\\\/\\\/week-end-en-amoureux-jacuzzi.fr\\\/index.php\\\/a-propos\\\/#breadcrumb\",\"itemListElement\":[{\"@type\":\"ListItem\",\"position\":1,\"name\":\"Accueil\",\"item\":\"https:\\\/\\\/week-end-en-amoureux-jacuzzi.fr\\\/\"},{\"@type\":\"ListItem\",\"position\":2,\"name\":\"A propos\"}]},{\"@type\":\"WebSite\",\"@id\":\"https:\\\/\\\/week-end-en-amoureux-jacuzzi.fr\\\/#website\",\"url\":\"https:\\\/\\\/week-end-en-amoureux-jacuzzi.fr\\\/\",\"name\":\"Les Suites F\u00e9nelon, Love and Spa\",\"description\":\"Weekend en amoureux dans le NORD \",\"publisher\":{\"@id\":\"https:\\\/\\\/week-end-en-amoureux-jacuzzi.fr\\\/#\\\/schema\\\/person\\\/f4e8bd1854be134a6ac5b8dfb5c14e2d\"},\"potentialAction\":[{\"@type\":\"SearchAction\",\"target\":{\"@type\":\"EntryPoint\",\"urlTemplate\":\"https:\\\/\\\/week-end-en-amoureux-jacuzzi.fr\\\/?s={search_term_string}\"},\"query-input\":{\"@type\":\"PropertyValueSpecification\",\"valueRequired\":true,\"valueName\":\"search_term_string\"}}],\"inLanguage\":\"fr-FR\"},{\"@type\":[\"Person\",\"Organization\"],\"@id\":\"https:\\\/\\\/week-end-en-amoureux-jacuzzi.fr\\\/#\\\/schema\\\/person\\\/f4e8bd1854be134a6ac5b8dfb5c14e2d\",\"name\":\"admin3190\",\"image\":{\"@type\":\"ImageObject\",\"inLanguage\":\"fr-FR\",\"@id\":\"https:\\\/\\\/week-end-en-amoureux-jacuzzi.fr\\\/wp-content\\\/uploads\\\/2019\\\/08\\\/Logo-Les-Suites-Fenelon-weekend-en-amoureux-59.png\",\"url\":\"https:\\\/\\\/week-end-en-amoureux-jacuzzi.fr\\\/wp-content\\\/uploads\\\/2019\\\/08\\\/Logo-Les-Suites-Fenelon-weekend-en-amoureux-59.png\",\"contentUrl\":\"https:\\\/\\\/week-end-en-amoureux-jacuzzi.fr\\\/wp-content\\\/uploads\\\/2019\\\/08\\\/Logo-Les-Suites-Fenelon-weekend-en-amoureux-59.png\",\"width\":196,\"height\":150,\"caption\":\"admin3190\"},\"logo\":{\"@id\":\"https:\\\/\\\/week-end-en-amoureux-jacuzzi.fr\\\/wp-content\\\/uploads\\\/2019\\\/08\\\/Logo-Les-Suites-Fenelon-weekend-en-amoureux-59.png\"}}]}<\/script>\n<!-- \/ Yoast SEO plugin. -->","yoast_head_json":{"title":"A propos - Les Suites F\u00e9nelon, Love and Spa","description":"Location de vacances pour amoureux dans le Cambr\u00e9sis, sentez vous comme \u00e0 la maison. Nos appartements poss\u00e8dent tout le confort moderne... et m\u00eame plus !","robots":{"index":"index","follow":"follow","max-snippet":"max-snippet:-1","max-image-preview":"max-image-preview:large","max-video-preview":"max-video-preview:-1"},"canonical":"https:\/\/week-end-en-amoureux-jacuzzi.fr\/index.php\/a-propos\/","og_locale":"fr_FR","og_type":"article","og_title":"A propos - Les Suites F\u00e9nelon, Love and Spa","og_description":"Location de vacances pour amoureux dans le Cambr\u00e9sis, sentez vous comme \u00e0 la maison. Nos appartements poss\u00e8dent tout le confort moderne... et m\u00eame plus !","og_url":"https:\/\/week-end-en-amoureux-jacuzzi.fr\/index.php\/a-propos\/","og_site_name":"Les Suites F\u00e9nelon, Love and Spa","article_modified_time":"2019-09-10T07:02:13+00:00","twitter_card":"summary_large_image","twitter_misc":{"Dur\u00e9e de lecture estim\u00e9e":"2 minutes"},"schema":{"@context":"https:\/\/schema.org","@graph":[{"@type":"WebPage","@id":"https:\/\/week-end-en-amoureux-jacuzzi.fr\/index.php\/a-propos\/","url":"https:\/\/week-end-en-amoureux-jacuzzi.fr\/index.php\/a-propos\/","name":"A propos - Les Suites F\u00e9nelon, Love and Spa","isPartOf":{"@id":"https:\/\/week-end-en-amoureux-jacuzzi.fr\/#website"},"datePublished":"2019-04-23T21:48:16+00:00","dateModified":"2019-09-10T07:02:13+00:00","description":"Location de vacances pour amoureux dans le Cambr\u00e9sis, sentez vous comme \u00e0 la maison. Nos appartements poss\u00e8dent tout le confort moderne... et m\u00eame plus !","breadcrumb":{"@id":"https:\/\/week-end-en-amoureux-jacuzzi.fr\/index.php\/a-propos\/#breadcrumb"},"inLanguage":"fr-FR","potentialAction":[{"@type":"ReadAction","target":["https:\/\/week-end-en-amoureux-jacuzzi.fr\/index.php\/a-propos\/"]}]},{"@type":"BreadcrumbList","@id":"https:\/\/week-end-en-amoureux-jacuzzi.fr\/index.php\/a-propos\/#breadcrumb","itemListElement":[{"@type":"ListItem","position":1,"name":"Accueil","item":"https:\/\/week-end-en-amoureux-jacuzzi.fr\/"},{"@type":"ListItem","position":2,"name":"A propos"}]},{"@type":"WebSite","@id":"https:\/\/week-end-en-amoureux-jacuzzi.fr\/#website","url":"https:\/\/week-end-en-amoureux-jacuzzi.fr\/","name":"Les Suites F\u00e9nelon, Love and Spa","description":"Weekend en amoureux dans le NORD ","publisher":{"@id":"https:\/\/week-end-en-amoureux-jacuzzi.fr\/#\/schema\/person\/f4e8bd1854be134a6ac5b8dfb5c14e2d"},"potentialAction":[{"@type":"SearchAction","target":{"@type":"EntryPoint","urlTemplate":"https:\/\/week-end-en-amoureux-jacuzzi.fr\/?s={search_term_string}"},"query-input":{"@type":"PropertyValueSpecification","valueRequired":true,"valueName":"search_term_string"}}],"inLanguage":"fr-FR"},{"@type":["Person","Organization"],"@id":"https:\/\/week-end-en-amoureux-jacuzzi.fr\/#\/schema\/person\/f4e8bd1854be134a6ac5b8dfb5c14e2d","name":"admin3190","image":{"@type":"ImageObject","inLanguage":"fr-FR","@id":"https:\/\/week-end-en-amoureux-jacuzzi.fr\/wp-content\/uploads\/2019\/08\/Logo-Les-Suites-Fenelon-weekend-en-amoureux-59.png","url":"https:\/\/week-end-en-amoureux-jacuzzi.fr\/wp-content\/uploads\/2019\/08\/Logo-Les-Suites-Fenelon-weekend-en-amoureux-59.png","contentUrl":"https:\/\/week-end-en-amoureux-jacuzzi.fr\/wp-content\/uploads\/2019\/08\/Logo-Les-Suites-Fenelon-weekend-en-amoureux-59.png","width":196,"height":150,"caption":"admin3190"},"logo":{"@id":"https:\/\/week-end-en-amoureux-jacuzzi.fr\/wp-content\/uploads\/2019\/08\/Logo-Les-Suites-Fenelon-weekend-en-amoureux-59.png"}}]}},"_links":{"self":[{"href":"https:\/\/week-end-en-amoureux-jacuzzi.fr\/index.php\/wp-json\/wp\/v2\/pages\/24","targetHints":{"allow":["GET"]}}],"collection":[{"href":"https:\/\/week-end-en-amoureux-jacuzzi.fr\/index.php\/wp-json\/wp\/v2\/pages"}],"about":[{"href":"https:\/\/week-end-en-amoureux-jacuzzi.fr\/index.php\/wp-json\/wp\/v2\/types\/page"}],"author":[{"embeddable":true,"href":"https:\/\/week-end-en-amoureux-jacuzzi.fr\/index.php\/wp-json\/wp\/v2\/users\/1"}],"replies":[{"embeddable":true,"href":"https:\/\/week-end-en-amoureux-jacuzzi.fr\/index.php\/wp-json\/wp\/v2\/comments?post=24"}],"version-history":[{"count":6,"href":"https:\/\/week-end-en-amoureux-jacuzzi.fr\/index.php\/wp-json\/wp\/v2\/pages\/24\/revisions"}],"predecessor-version":[{"id":154,"href":"https:\/\/week-end-en-amoureux-jacuzzi.fr\/index.php\/wp-json\/wp\/v2\/pages\/24\/revisions\/154"}],"wp:attachment":[{"href":"https:\/\/week-end-en-amoureux-jacuzzi.fr\/index.php\/wp-json\/wp\/v2\/media?parent=24"}],"curies":[{"name":"wp","href":"https:\/\/api.w.org\/{rel}","templated":true}]}}