{"id":22,"date":"2019-04-23T23:47:54","date_gmt":"2019-04-23T21:47:54","guid":{"rendered":"http:\/\/week-end-en-amoureux-jacuzzi.fr\/?page_id=22"},"modified":"2021-04-22T18:37:10","modified_gmt":"2021-04-22T16:37:10","slug":"contact","status":"publish","type":"page","link":"https:\/\/week-end-en-amoureux-jacuzzi.fr\/index.php\/contact\/","title":{"rendered":"Contact"},"content":{"rendered":"\n<div class=\"wpcf7 no-js\" id=\"wpcf7-f13-o1\" lang=\"fr-FR\" dir=\"ltr\" data-wpcf7-id=\"13\">\n<div class=\"screen-reader-response\"><p role=\"status\" aria-live=\"polite\" aria-atomic=\"true\"><\/p> <ul><\/ul><\/div>\n<form action=\"\/index.php\/wp-json\/wp\/v2\/pages\/22#wpcf7-f13-o1\" method=\"post\" class=\"wpcf7-form init\" aria-label=\"Formulaire de contact\" novalidate=\"novalidate\" data-status=\"init\">\n<fieldset class=\"hidden-fields-container\"><input type=\"hidden\" name=\"_wpcf7\" value=\"13\" \/><input type=\"hidden\" name=\"_wpcf7_version\" value=\"6.1.5\" \/><input type=\"hidden\" name=\"_wpcf7_locale\" value=\"fr_FR\" \/><input type=\"hidden\" name=\"_wpcf7_unit_tag\" value=\"wpcf7-f13-o1\" \/><input type=\"hidden\" name=\"_wpcf7_container_post\" value=\"0\" \/><input type=\"hidden\" name=\"_wpcf7_posted_data_hash\" value=\"\" \/>\n<\/fieldset>\n<p><label> Votre nom (obligatoire)<br \/>\n<span class=\"wpcf7-form-control-wrap\" data-name=\"your-name\"><input size=\"40\" maxlength=\"400\" class=\"wpcf7-form-control wpcf7-text wpcf7-validates-as-required\" aria-required=\"true\" aria-invalid=\"false\" value=\"\" type=\"text\" name=\"your-name\" \/><\/span> <\/label>\n<\/p>\n<p><label> Votre adresse de messagerie (obligatoire)<br \/>\n<span class=\"wpcf7-form-control-wrap\" data-name=\"your-email\"><input size=\"40\" maxlength=\"400\" class=\"wpcf7-form-control wpcf7-email wpcf7-validates-as-required wpcf7-text wpcf7-validates-as-email\" aria-required=\"true\" aria-invalid=\"false\" value=\"\" type=\"email\" name=\"your-email\" \/><\/span> <\/label>\n<\/p>\n<p><label> Objet<br \/>\n<span class=\"wpcf7-form-control-wrap\" data-name=\"your-subject\"><input size=\"40\" maxlength=\"400\" class=\"wpcf7-form-control wpcf7-text\" aria-invalid=\"false\" value=\"\" type=\"text\" name=\"your-subject\" \/><\/span> <\/label>\n<\/p>\n<p><label> Votre message<br \/>\n<span class=\"wpcf7-form-control-wrap\" data-name=\"your-message\"><textarea cols=\"40\" rows=\"10\" maxlength=\"2000\" class=\"wpcf7-form-control wpcf7-textarea\" aria-invalid=\"false\" name=\"your-message\"><\/textarea><\/span> <\/label>\n<\/p>\n<p><input class=\"wpcf7-form-control wpcf7-submit has-spinner\" type=\"submit\" value=\"Envoyer\" \/>\n<\/p><p style=\"display: none !important;\" class=\"akismet-fields-container\" data-prefix=\"_wpcf7_ak_\"><label>&#916;<textarea name=\"_wpcf7_ak_hp_textarea\" cols=\"45\" rows=\"8\" maxlength=\"100\"><\/textarea><\/label><input type=\"hidden\" id=\"ak_js_1\" name=\"_wpcf7_ak_js\" value=\"126\"\/><script>document.getElementById( \"ak_js_1\" ).setAttribute( \"value\", ( new Date() ).getTime() );<\/script><\/p><div class=\"wpcf7-response-output\" aria-hidden=\"true\"><\/div>\n<\/form>\n<\/div>\n\n\n\n\n<p>Ou par t\u00e9l\u00e9phone : Antoine : 06 49 36 42 64<\/p>\n\n\n\n<hr class=\"wp-block-separator\"\/>\n\n\n\n<div style=\"height:38px\" aria-hidden=\"true\" class=\"wp-block-spacer\"><\/div>\n\n\n  \n  \n  <div class=\"\n    mailpoet_form_popup_overlay\n      \"><\/div>\n  <div\n    id=\"mailpoet_form_2\"\n    class=\"\n      mailpoet_form\n      mailpoet_form_shortcode\n      mailpoet_form_position_\n      mailpoet_form_animation_\n    \"\n      >\n    \n    <style type=\"text\/css\">\n     .mailpoet_hp_email_label{display:none!important;}#mailpoet_form_2 .mailpoet_form {  }\n#mailpoet_form_2 .mailpoet_paragraph { line-height: 20px; }\n#mailpoet_form_2 .mailpoet_segment_label, #mailpoet_form_2 .mailpoet_text_label, #mailpoet_form_2 .mailpoet_textarea_label, #mailpoet_form_2 .mailpoet_select_label, #mailpoet_form_2 .mailpoet_radio_label, #mailpoet_form_2 .mailpoet_checkbox_label, #mailpoet_form_2 .mailpoet_list_label, #mailpoet_form_2 .mailpoet_date_label { display: block; font-weight: bold; }\n#mailpoet_form_2 .mailpoet_text, #mailpoet_form_2 .mailpoet_textarea, #mailpoet_form_2 .mailpoet_select, #mailpoet_form_2 .mailpoet_date_month, #mailpoet_form_2 .mailpoet_date_day, #mailpoet_form_2 .mailpoet_date_year, #mailpoet_form_2 .mailpoet_date { display: block; }\n#mailpoet_form_2 .mailpoet_text, #mailpoet_form_2 .mailpoet_textarea { width: 200px; }\n#mailpoet_form_2 .mailpoet_checkbox {  }\n#mailpoet_form_2 .mailpoet_submit input {  }\n#mailpoet_form_2 .mailpoet_divider {  }\n#mailpoet_form_2 .mailpoet_message {  }\n#mailpoet_form_2 .mailpoet_validate_success { font-weight: 600; color: #468847; }\n#mailpoet_form_2 .mailpoet_validate_error { color: #b94a48; }\n#mailpoet_form_2 .mailpoet_form_loading { width: 30px; text-align: center; line-height: normal; }\n#mailpoet_form_2 .mailpoet_form_loading > span { width: 5px; height: 5px; background-color: #5b5b5b; }#mailpoet_form_2{;}#mailpoet_form_2 .mailpoet_message {margin: 0; padding: 0 20px;}#mailpoet_form_2 .mailpoet_paragraph.last {margin-bottom: 0} @media (max-width: 500px) {#mailpoet_form_2 {background-image: none;}} @media (min-width: 500px) {#mailpoet_form_2 .last .mailpoet_paragraph:last-child {margin-bottom: 0}}  @media (max-width: 500px) {#mailpoet_form_2 .mailpoet_form_column:last-child .mailpoet_paragraph:last-child {margin-bottom: 0}} \n    <\/style>\n\n    <form\n      target=\"_self\"\n      method=\"post\"\n      action=\"https:\/\/week-end-en-amoureux-jacuzzi.fr\/wp-admin\/admin-post.php?action=mailpoet_subscription_form\"\n      class=\"mailpoet_form mailpoet_form_form mailpoet_form_shortcode\"\n      novalidate\n      data-delay=\"\"\n      data-exit-intent-enabled=\"\"\n      data-font-family=\"\"\n    >\n      <input type=\"hidden\" name=\"data[form_id]\" value=\"2\" \/>\n      <input type=\"hidden\" name=\"token\" value=\"d5b2a3cd87\" \/>\n      <input type=\"hidden\" name=\"api_version\" value=\"v1\" \/>\n      <input type=\"hidden\" name=\"endpoint\" value=\"subscribers\" \/>\n      <input type=\"hidden\" name=\"mailpoet_method\" value=\"subscribe\" \/>\n\n      <label class=\"mailpoet_hp_email_label\">Veuillez laisser ce champ vide<input type=\"email\" name=\"data[email]\"\/><\/label><div class=\"mailpoet_paragraph\" >Rejoignez le club VIP et recevez vos avantages.<\/div>\n<div class=\"mailpoet_paragraph\"><label class=\"mailpoet_text_label\" data-automation-id=\"form_email_label\" >E-mail <span class=\"mailpoet_required\">*<\/span><\/label><input type=\"email\" class=\"mailpoet_text\" name=\"data[form_field_Mzk4ZjhjOTQyNmIxX2VtYWls]\" title=\"E-mail\" value=\"\" data-automation-id=\"form_email\" data-parsley-required=\"true\" data-parsley-minlength=\"6\" data-parsley-maxlength=\"150\" data-parsley-error-message=\"Veuillez sp\u00e9cifier une adresse de messagerie valide.\" data-parsley-required-message=\"Ce champ est n\u00e9cessaire.\"\/><\/div>\n<div class=\"mailpoet_paragraph\"><input type=\"submit\" class=\"mailpoet_submit\" value=\"Rejoindre le club VIP !\" data-automation-id=\"subscribe-submit-button\" style=\"border-color:transparent;\" \/><span class=\"mailpoet_form_loading\"><span class=\"mailpoet_bounce1\"><\/span><span class=\"mailpoet_bounce2\"><\/span><span class=\"mailpoet_bounce3\"><\/span><\/span><\/div>\n\n      <div class=\"mailpoet_message\">\n        <p class=\"mailpoet_validate_success\"\n                style=\"display:none;\"\n                >V\u00e9rifiez votre boite de r\u00e9ception ou votre r\u00e9pertoire d\u2019ind\u00e9sirables pour confirmer votre abonnement.\n        <\/p>\n        <p class=\"mailpoet_validate_error\"\n                style=\"display:none;\"\n                >        <\/p>\n      <\/div>\n    <\/form>\n  <\/div>\n\n  \n","protected":false},"excerpt":{"rendered":"<p>Ou par t\u00e9l\u00e9phone : Antoine : 06 49 36 42 64<\/p>\n","protected":false},"author":1,"featured_media":0,"parent":0,"menu_order":11,"comment_status":"closed","ping_status":"closed","template":"","meta":{"footnotes":""},"class_list":["post-22","page","type-page","status-publish","hentry"],"yoast_head":"<!-- This site is optimized with the Yoast SEO plugin v27.3 - https:\/\/yoast.com\/product\/yoast-seo-wordpress\/ -->\n<title>Contact - Les Suites F\u00e9nelon, Love and Spa<\/title>\n<meta name=\"description\" content=\"O\u00f9 dormir en amoureux dans le Nord (59) ? Contactez nous pour plus de renseignements sur nos offres d&#039;appartements meubl\u00e9s : 06 49 36 42 64\" \/>\n<meta name=\"robots\" content=\"index, follow, max-snippet:-1, max-image-preview:large, max-video-preview:-1\" \/>\n<link rel=\"canonical\" href=\"https:\/\/week-end-en-amoureux-jacuzzi.fr\/index.php\/contact\/\" \/>\n<meta property=\"og:locale\" content=\"fr_FR\" \/>\n<meta property=\"og:type\" content=\"article\" \/>\n<meta property=\"og:title\" content=\"Contact - Les Suites F\u00e9nelon, Love and Spa\" \/>\n<meta property=\"og:description\" content=\"O\u00f9 dormir en amoureux dans le Nord (59) ? Contactez nous pour plus de renseignements sur nos offres d&#039;appartements meubl\u00e9s : 06 49 36 42 64\" \/>\n<meta property=\"og:url\" content=\"https:\/\/week-end-en-amoureux-jacuzzi.fr\/index.php\/contact\/\" \/>\n<meta property=\"og:site_name\" content=\"Les Suites F\u00e9nelon, Love and Spa\" \/>\n<meta property=\"article:modified_time\" content=\"2021-04-22T16:37:10+00:00\" \/>\n<meta name=\"twitter:card\" content=\"summary_large_image\" \/>\n<meta name=\"twitter:label1\" content=\"Dur\u00e9e de lecture estim\u00e9e\" \/>\n\t<meta name=\"twitter:data1\" content=\"1 minute\" \/>\n<script type=\"application\/ld+json\" class=\"yoast-schema-graph\">{\"@context\":\"https:\\\/\\\/schema.org\",\"@graph\":[{\"@type\":\"WebPage\",\"@id\":\"https:\\\/\\\/week-end-en-amoureux-jacuzzi.fr\\\/index.php\\\/contact\\\/\",\"url\":\"https:\\\/\\\/week-end-en-amoureux-jacuzzi.fr\\\/index.php\\\/contact\\\/\",\"name\":\"Contact - Les Suites F\u00e9nelon, Love and Spa\",\"isPartOf\":{\"@id\":\"https:\\\/\\\/week-end-en-amoureux-jacuzzi.fr\\\/#website\"},\"datePublished\":\"2019-04-23T21:47:54+00:00\",\"dateModified\":\"2021-04-22T16:37:10+00:00\",\"description\":\"O\u00f9 dormir en amoureux dans le Nord (59) ? Contactez nous pour plus de renseignements sur nos offres d'appartements meubl\u00e9s : 06 49 36 42 64\",\"breadcrumb\":{\"@id\":\"https:\\\/\\\/week-end-en-amoureux-jacuzzi.fr\\\/index.php\\\/contact\\\/#breadcrumb\"},\"inLanguage\":\"fr-FR\",\"potentialAction\":[{\"@type\":\"ReadAction\",\"target\":[\"https:\\\/\\\/week-end-en-amoureux-jacuzzi.fr\\\/index.php\\\/contact\\\/\"]}]},{\"@type\":\"BreadcrumbList\",\"@id\":\"https:\\\/\\\/week-end-en-amoureux-jacuzzi.fr\\\/index.php\\\/contact\\\/#breadcrumb\",\"itemListElement\":[{\"@type\":\"ListItem\",\"position\":1,\"name\":\"Accueil\",\"item\":\"https:\\\/\\\/week-end-en-amoureux-jacuzzi.fr\\\/\"},{\"@type\":\"ListItem\",\"position\":2,\"name\":\"Contact\"}]},{\"@type\":\"WebSite\",\"@id\":\"https:\\\/\\\/week-end-en-amoureux-jacuzzi.fr\\\/#website\",\"url\":\"https:\\\/\\\/week-end-en-amoureux-jacuzzi.fr\\\/\",\"name\":\"Les Suites F\u00e9nelon, Love and Spa\",\"description\":\"Weekend en amoureux dans le NORD \",\"publisher\":{\"@id\":\"https:\\\/\\\/week-end-en-amoureux-jacuzzi.fr\\\/#\\\/schema\\\/person\\\/f4e8bd1854be134a6ac5b8dfb5c14e2d\"},\"potentialAction\":[{\"@type\":\"SearchAction\",\"target\":{\"@type\":\"EntryPoint\",\"urlTemplate\":\"https:\\\/\\\/week-end-en-amoureux-jacuzzi.fr\\\/?s={search_term_string}\"},\"query-input\":{\"@type\":\"PropertyValueSpecification\",\"valueRequired\":true,\"valueName\":\"search_term_string\"}}],\"inLanguage\":\"fr-FR\"},{\"@type\":[\"Person\",\"Organization\"],\"@id\":\"https:\\\/\\\/week-end-en-amoureux-jacuzzi.fr\\\/#\\\/schema\\\/person\\\/f4e8bd1854be134a6ac5b8dfb5c14e2d\",\"name\":\"admin3190\",\"image\":{\"@type\":\"ImageObject\",\"inLanguage\":\"fr-FR\",\"@id\":\"https:\\\/\\\/week-end-en-amoureux-jacuzzi.fr\\\/wp-content\\\/uploads\\\/2019\\\/08\\\/Logo-Les-Suites-Fenelon-weekend-en-amoureux-59.png\",\"url\":\"https:\\\/\\\/week-end-en-amoureux-jacuzzi.fr\\\/wp-content\\\/uploads\\\/2019\\\/08\\\/Logo-Les-Suites-Fenelon-weekend-en-amoureux-59.png\",\"contentUrl\":\"https:\\\/\\\/week-end-en-amoureux-jacuzzi.fr\\\/wp-content\\\/uploads\\\/2019\\\/08\\\/Logo-Les-Suites-Fenelon-weekend-en-amoureux-59.png\",\"width\":196,\"height\":150,\"caption\":\"admin3190\"},\"logo\":{\"@id\":\"https:\\\/\\\/week-end-en-amoureux-jacuzzi.fr\\\/wp-content\\\/uploads\\\/2019\\\/08\\\/Logo-Les-Suites-Fenelon-weekend-en-amoureux-59.png\"}}]}<\/script>\n<!-- \/ Yoast SEO plugin. -->","yoast_head_json":{"title":"Contact - Les Suites F\u00e9nelon, Love and Spa","description":"O\u00f9 dormir en amoureux dans le Nord (59) ? Contactez nous pour plus de renseignements sur nos offres d'appartements meubl\u00e9s : 06 49 36 42 64","robots":{"index":"index","follow":"follow","max-snippet":"max-snippet:-1","max-image-preview":"max-image-preview:large","max-video-preview":"max-video-preview:-1"},"canonical":"https:\/\/week-end-en-amoureux-jacuzzi.fr\/index.php\/contact\/","og_locale":"fr_FR","og_type":"article","og_title":"Contact - Les Suites F\u00e9nelon, Love and Spa","og_description":"O\u00f9 dormir en amoureux dans le Nord (59) ? Contactez nous pour plus de renseignements sur nos offres d'appartements meubl\u00e9s : 06 49 36 42 64","og_url":"https:\/\/week-end-en-amoureux-jacuzzi.fr\/index.php\/contact\/","og_site_name":"Les Suites F\u00e9nelon, Love and Spa","article_modified_time":"2021-04-22T16:37:10+00:00","twitter_card":"summary_large_image","twitter_misc":{"Dur\u00e9e de lecture estim\u00e9e":"1 minute"},"schema":{"@context":"https:\/\/schema.org","@graph":[{"@type":"WebPage","@id":"https:\/\/week-end-en-amoureux-jacuzzi.fr\/index.php\/contact\/","url":"https:\/\/week-end-en-amoureux-jacuzzi.fr\/index.php\/contact\/","name":"Contact - Les Suites F\u00e9nelon, Love and Spa","isPartOf":{"@id":"https:\/\/week-end-en-amoureux-jacuzzi.fr\/#website"},"datePublished":"2019-04-23T21:47:54+00:00","dateModified":"2021-04-22T16:37:10+00:00","description":"O\u00f9 dormir en amoureux dans le Nord (59) ? Contactez nous pour plus de renseignements sur nos offres d'appartements meubl\u00e9s : 06 49 36 42 64","breadcrumb":{"@id":"https:\/\/week-end-en-amoureux-jacuzzi.fr\/index.php\/contact\/#breadcrumb"},"inLanguage":"fr-FR","potentialAction":[{"@type":"ReadAction","target":["https:\/\/week-end-en-amoureux-jacuzzi.fr\/index.php\/contact\/"]}]},{"@type":"BreadcrumbList","@id":"https:\/\/week-end-en-amoureux-jacuzzi.fr\/index.php\/contact\/#breadcrumb","itemListElement":[{"@type":"ListItem","position":1,"name":"Accueil","item":"https:\/\/week-end-en-amoureux-jacuzzi.fr\/"},{"@type":"ListItem","position":2,"name":"Contact"}]},{"@type":"WebSite","@id":"https:\/\/week-end-en-amoureux-jacuzzi.fr\/#website","url":"https:\/\/week-end-en-amoureux-jacuzzi.fr\/","name":"Les Suites F\u00e9nelon, Love and Spa","description":"Weekend en amoureux dans le NORD ","publisher":{"@id":"https:\/\/week-end-en-amoureux-jacuzzi.fr\/#\/schema\/person\/f4e8bd1854be134a6ac5b8dfb5c14e2d"},"potentialAction":[{"@type":"SearchAction","target":{"@type":"EntryPoint","urlTemplate":"https:\/\/week-end-en-amoureux-jacuzzi.fr\/?s={search_term_string}"},"query-input":{"@type":"PropertyValueSpecification","valueRequired":true,"valueName":"search_term_string"}}],"inLanguage":"fr-FR"},{"@type":["Person","Organization"],"@id":"https:\/\/week-end-en-amoureux-jacuzzi.fr\/#\/schema\/person\/f4e8bd1854be134a6ac5b8dfb5c14e2d","name":"admin3190","image":{"@type":"ImageObject","inLanguage":"fr-FR","@id":"https:\/\/week-end-en-amoureux-jacuzzi.fr\/wp-content\/uploads\/2019\/08\/Logo-Les-Suites-Fenelon-weekend-en-amoureux-59.png","url":"https:\/\/week-end-en-amoureux-jacuzzi.fr\/wp-content\/uploads\/2019\/08\/Logo-Les-Suites-Fenelon-weekend-en-amoureux-59.png","contentUrl":"https:\/\/week-end-en-amoureux-jacuzzi.fr\/wp-content\/uploads\/2019\/08\/Logo-Les-Suites-Fenelon-weekend-en-amoureux-59.png","width":196,"height":150,"caption":"admin3190"},"logo":{"@id":"https:\/\/week-end-en-amoureux-jacuzzi.fr\/wp-content\/uploads\/2019\/08\/Logo-Les-Suites-Fenelon-weekend-en-amoureux-59.png"}}]}},"_links":{"self":[{"href":"https:\/\/week-end-en-amoureux-jacuzzi.fr\/index.php\/wp-json\/wp\/v2\/pages\/22","targetHints":{"allow":["GET"]}}],"collection":[{"href":"https:\/\/week-end-en-amoureux-jacuzzi.fr\/index.php\/wp-json\/wp\/v2\/pages"}],"about":[{"href":"https:\/\/week-end-en-amoureux-jacuzzi.fr\/index.php\/wp-json\/wp\/v2\/types\/page"}],"author":[{"embeddable":true,"href":"https:\/\/week-end-en-amoureux-jacuzzi.fr\/index.php\/wp-json\/wp\/v2\/users\/1"}],"replies":[{"embeddable":true,"href":"https:\/\/week-end-en-amoureux-jacuzzi.fr\/index.php\/wp-json\/wp\/v2\/comments?post=22"}],"version-history":[{"count":8,"href":"https:\/\/week-end-en-amoureux-jacuzzi.fr\/index.php\/wp-json\/wp\/v2\/pages\/22\/revisions"}],"predecessor-version":[{"id":230,"href":"https:\/\/week-end-en-amoureux-jacuzzi.fr\/index.php\/wp-json\/wp\/v2\/pages\/22\/revisions\/230"}],"wp:attachment":[{"href":"https:\/\/week-end-en-amoureux-jacuzzi.fr\/index.php\/wp-json\/wp\/v2\/media?parent=22"}],"curies":[{"name":"wp","href":"https:\/\/api.w.org\/{rel}","templated":true}]}}